{"id":2,"date":"2016-05-10T03:48:21","date_gmt":"2016-05-10T03:48:21","guid":{"rendered":"http:\/\/wp452m.a10-52-158-154.qa.plesk.ru\/wordpress\/?page_id=2"},"modified":"2017-04-19T11:48:31","modified_gmt":"2017-04-19T11:48:31","slug":"sample-page","status":"publish","type":"page","link":"https:\/\/caixabenicarlo.es\/blog\/?page_id=2","title":{"rendered":"Sobre nosaltres"},"content":{"rendered":"<p><b>Caixa Rural Benicarl\u00f3 \/ Caixa Benicarl\u00f3:<\/b><\/p>\n<blockquote><p><span style=\"color: #739600;\">Una entitat local, amb arrels i amb futur.<\/span><\/p><\/blockquote>\n<p>Avui que est\u00e0 tan de moda el tema de la globalitzaci\u00f3, cal que reafirmem algun dels valors i predicats que concedeixen carta de personalitat pr\u00f2pia a la nostra emblem\u00e0tica entitat financera local nascuda amb una clara vocaci\u00f3 de servei, focalitzat al local, per\u00f2 amb les mires posades en l&#8217;universal, procurant en tot moment aconseguir l&#8217;excel\u00b7l\u00e8ncia a trav\u00e9s dels millors productes i tracte cap a la nostra distingida base social.<\/p>\n<p>Per sort, els mentors del projecte cooperatiu i posteriorment els diferents components dels \u00f2rgans de govern i direcci\u00f3, han propiciat com a claus de les seues actuacions el mantenir la major independ\u00e8ncia pol\u00edtica, les majors parcel\u00b7les d&#8217;autonomia, el creixement sostingut i permanent de la Caixa Rural basat en la prud\u00e8ncia, assumir com a objectiu prioritari la satisfacci\u00f3 a trav\u00e9s d&#8217;una adequada gesti\u00f3 de tots els recursos confiats i uns recursos humans altament professionalitzats comprom\u00e8s amb el nostre particular estil de banca universal al detall.<\/p>\n<p>No podem, ni volem, deixar de referir en aquesta breu targeta de presentaci\u00f3 la import\u00e0ncia que concedim a l&#8217;obra social, com a via de tornada a la societat en general d&#8217;una part substantiva del que aquesta ens ofereix i procurem fer-ho amb criteris de solidaritat, d&#8217;equilibri i de transpar\u00e8ncia, a m\u00e9s de procurar la seua continu\u00eftat en el temps. Caixa Rural Benicarl\u00f3 t\u00e9 assumit el comprom\u00eds de destinar tots els anys l&#8217;1,4% dels seus resultats a entitats de marcat component social radicades o vinculades amb el nostre \u00e0mbit geogr\u00e0fic d&#8217;actuaci\u00f3.<\/p>\n<p>En definitiva, som una entitat d&#8217;ac\u00ed, que coneixem millor que ning\u00fa a les persones, a les institucions, a les necessitats de cada sector econ\u00f2mic i per a\u00e7\u00f2 comptem amb una gran capacitat de resposta procurant un tracte proper i amic.<\/p>\n<blockquote><p>Comptem amb la confian\u00e7a de molts socis, clients, col\u00b7laboradors i amics i treballem amb l&#8217;obstinaci\u00f3 de no defraudar-los.<\/p><\/blockquote>\n<p>Tots ells s\u00f3n la nostra principal motivaci\u00f3 i ra\u00f3 de ser.<\/p>\n","protected":false},"excerpt":{"rendered":"<p>Caixa Rural Benicarl\u00f3 \/ Caixa Benicarl\u00f3: Una entitat local, amb arrels i amb futur. Avui que est\u00e0 tan de moda el tema de la globalitzaci\u00f3, cal que reafirmem algun dels valors i predicats que concedeixen carta de personalitat pr\u00f2pia a la nostra emblem\u00e0tica entitat financera local nascuda amb una clara vocaci\u00f3 de servei, focalitzat al &hellip; <a href=\"https:\/\/caixabenicarlo.es\/blog\/?page_id=2\" class=\"more-link\">Continuar leyendo<span class=\"screen-reader-text\"> \u00abSobre nosaltres\u00bb<\/span><\/a><\/p>\n","protected":false},"author":1,"featured_media":0,"parent":0,"menu_order":0,"comment_status":"closed","ping_status":"open","template":"","meta":[],"_links":{"self":[{"href":"https:\/\/caixabenicarlo.es\/blog\/index.php?rest_route=\/wp\/v2\/pages\/2"}],"collection":[{"href":"https:\/\/caixabenicarlo.es\/blog\/index.php?rest_route=\/wp\/v2\/pages"}],"about":[{"href":"https:\/\/caixabenicarlo.es\/blog\/index.php?rest_route=\/wp\/v2\/types\/page"}],"author":[{"embeddable":true,"href":"https:\/\/caixabenicarlo.es\/blog\/index.php?rest_route=\/wp\/v2\/users\/1"}],"replies":[{"embeddable":true,"href":"https:\/\/caixabenicarlo.es\/blog\/index.php?rest_route=%2Fwp%2Fv2%2Fcomments&post=2"}],"version-history":[{"count":5,"href":"https:\/\/caixabenicarlo.es\/blog\/index.php?rest_route=\/wp\/v2\/pages\/2\/revisions"}],"predecessor-version":[{"id":55,"href":"https:\/\/caixabenicarlo.es\/blog\/index.php?rest_route=\/wp\/v2\/pages\/2\/revisions\/55"}],"wp:attachment":[{"href":"https:\/\/caixabenicarlo.es\/blog\/index.php?rest_route=%2Fwp%2Fv2%2Fmedia&parent=2"}],"curies":[{"name":"wp","href":"https:\/\/api.w.org\/{rel}","templated":true}]}}